{"id":297,"date":"2024-09-30T11:18:22","date_gmt":"2024-09-30T15:18:22","guid":{"rendered":"https:\/\/fantalimentos.com.br\/home\/?page_id=297"},"modified":"2025-12-19T11:13:46","modified_gmt":"2025-12-19T15:13:46","slug":"fant-alimentos","status":"publish","type":"page","link":"https:\/\/fantalimentos.com.br\/home\/","title":{"rendered":"Fant Alimentos"},"content":{"rendered":"\t\t<div data-elementor-type=\"wp-page\" data-elementor-id=\"297\" class=\"elementor elementor-297\" data-elementor-post-type=\"page\">\n\t\t\t\t\t\t<section class=\"elementor-section elementor-top-section elementor-element elementor-element-b25dfd5 elementor-section-full_width elementor-section-height-min-height elementor-section-height-default elementor-section-items-middle\" data-id=\"b25dfd5\" data-element_type=\"section\">\n\t\t\t\t\t\t<div class=\"elementor-container elementor-column-gap-default\">\n\t\t\t\t\t<div class=\"elementor-column elementor-col-100 elementor-top-column elementor-element elementor-element-ee196a5\" data-id=\"ee196a5\" data-element_type=\"column\">\n\t\t\t<div class=\"elementor-widget-wrap elementor-element-populated\">\n\t\t\t\t\t\t<div class=\"elementor-element elementor-element-708e9dc elementor--h-position-center elementor--v-position-middle elementor-arrows-position-inside elementor-widget elementor-widget-slides\" data-id=\"708e9dc\" data-element_type=\"widget\" data-settings=\"{&quot;navigation&quot;:&quot;arrows&quot;,&quot;transition&quot;:&quot;fade&quot;,&quot;autoplay&quot;:&quot;yes&quot;,&quot;pause_on_hover&quot;:&quot;yes&quot;,&quot;pause_on_interaction&quot;:&quot;yes&quot;,&quot;autoplay_speed&quot;:5000,&quot;infinite&quot;:&quot;yes&quot;,&quot;transition_speed&quot;:500}\" data-widget_type=\"slides.default\">\n\t\t\t\t<div class=\"elementor-widget-container\">\n\t\t\t\t\t\t\t\t\t<div class=\"elementor-swiper\">\n\t\t\t\t\t<div class=\"elementor-slides-wrapper elementor-main-swiper swiper\" role=\"region\" aria-roledescription=\"carousel\" aria-label=\"Slides\" dir=\"ltr\" data-animation=\"fadeInRight\">\n\t\t\t\t<div class=\"swiper-wrapper elementor-slides\">\n\t\t\t\t\t\t\t\t\t\t<div class=\"elementor-repeater-item-02af266 swiper-slide\" role=\"group\" aria-roledescription=\"slide\"><div class=\"swiper-slide-bg elementor-ken-burns elementor-ken-burns--in\" role=\"img\" aria-label=\"slide1_m_subs\"><\/div><div class=\"swiper-slide-inner\" ><div class=\"swiper-slide-contents\"><\/div><\/div><\/div><div class=\"elementor-repeater-item-de572d3 swiper-slide\" role=\"group\" aria-roledescription=\"slide\"><div class=\"swiper-slide-bg elementor-ken-burns elementor-ken-burns--in\" role=\"img\" aria-label=\"slide2_m18\"><\/div><div class=\"swiper-slide-inner\" ><div class=\"swiper-slide-contents\"><\/div><\/div><\/div><div class=\"elementor-repeater-item-bfb4a49 swiper-slide\" role=\"group\" aria-roledescription=\"slide\"><div class=\"swiper-slide-bg elementor-ken-burns elementor-ken-burns--in\" role=\"img\" aria-label=\"slide1_m\"><\/div><div class=\"swiper-slide-inner\" ><div class=\"swiper-slide-contents\"><\/div><\/div><\/div>\t\t\t\t<\/div>\n\t\t\t\t\t\t\t\t\t\t\t\t\t\t\t<div class=\"elementor-swiper-button elementor-swiper-button-prev\" role=\"button\" tabindex=\"0\" aria-label=\"Slide anterior\">\n\t\t\t\t\t\t\t<i aria-hidden=\"true\" class=\"eicon-chevron-left\"><\/i>\t\t\t\t\t\t<\/div>\n\t\t\t\t\t\t<div class=\"elementor-swiper-button elementor-swiper-button-next\" role=\"button\" tabindex=\"0\" aria-label=\"Pr\u00f3ximo slide\">\n\t\t\t\t\t\t\t<i aria-hidden=\"true\" class=\"eicon-chevron-right\"><\/i>\t\t\t\t\t\t<\/div>\n\t\t\t\t\t\t\t\t\t\t\t\t\t\t\t\t\t<\/div>\n\t\t\t\t<\/div>\n\t\t\t\t\t\t\t\t<\/div>\n\t\t\t\t<\/div>\n\t\t\t\t\t<\/div>\n\t\t<\/div>\n\t\t\t\t\t<\/div>\n\t\t<\/section>\n\t\t\t\t<section class=\"elementor-section elementor-top-section elementor-element elementor-element-26acb1b elementor-section-boxed elementor-section-height-default elementor-section-height-default\" data-id=\"26acb1b\" data-element_type=\"section\">\n\t\t\t\t\t\t<div class=\"elementor-container elementor-column-gap-default\">\n\t\t\t\t\t<div class=\"elementor-column elementor-col-100 elementor-top-column elementor-element elementor-element-bf3f499\" data-id=\"bf3f499\" data-element_type=\"column\">\n\t\t\t<div class=\"elementor-widget-wrap elementor-element-populated\">\n\t\t\t\t\t\t<div class=\"elementor-element elementor-element-beec393 elementor-widget-divider--view-line_text elementor-widget-divider--separator-type-pattern elementor-widget-divider--no-spacing elementor-widget-divider--element-align-center elementor-widget elementor-widget-divider\" data-id=\"beec393\" data-element_type=\"widget\" data-widget_type=\"divider.default\">\n\t\t\t\t<div class=\"elementor-widget-container\">\n\t\t\t\t\t\t\t<div class=\"elementor-divider\" style=\"--divider-pattern-url: url(&quot;data:image\/svg+xml,%3Csvg xmlns=&#039;http:\/\/www.w3.org\/2000\/svg&#039; preserveAspectRatio=&#039;none&#039; overflow=&#039;visible&#039; height=&#039;100%&#039; viewBox=&#039;0 0 24 24&#039; fill=&#039;black&#039; stroke=&#039;none&#039;%3E%3Cpath d=&#039;M24,8v12H0V8H24z M24,4v1H0V4H24z&#039;\/%3E%3C\/svg%3E&quot;);\">\n\t\t\t<span class=\"elementor-divider-separator\">\n\t\t\t\t\t\t\t<span class=\"elementor-divider__text elementor-divider__element\">\n\t\t\t\tNossa Sele\u00e7\u00e3o de Produtos\t\t\t\t<\/span>\n\t\t\t\t\t\t<\/span>\n\t\t<\/div>\n\t\t\t\t\t\t<\/div>\n\t\t\t\t<\/div>\n\t\t\t\t<div class=\"elementor-element elementor-element-faeda3e elementor-arrows-position-outside elementor-pagination-position-outside elementor-widget elementor-widget-image-carousel\" data-id=\"faeda3e\" data-element_type=\"widget\" data-settings=\"{&quot;slides_to_show&quot;:&quot;4&quot;,&quot;slides_to_scroll&quot;:&quot;1&quot;,&quot;image_spacing_custom&quot;:{&quot;unit&quot;:&quot;px&quot;,&quot;size&quot;:35,&quot;sizes&quot;:[]},&quot;navigation&quot;:&quot;both&quot;,&quot;autoplay&quot;:&quot;yes&quot;,&quot;pause_on_hover&quot;:&quot;yes&quot;,&quot;pause_on_interaction&quot;:&quot;yes&quot;,&quot;autoplay_speed&quot;:5000,&quot;infinite&quot;:&quot;yes&quot;,&quot;speed&quot;:500,&quot;image_spacing_custom_tablet&quot;:{&quot;unit&quot;:&quot;px&quot;,&quot;size&quot;:&quot;&quot;,&quot;sizes&quot;:[]},&quot;image_spacing_custom_mobile&quot;:{&quot;unit&quot;:&quot;px&quot;,&quot;size&quot;:&quot;&quot;,&quot;sizes&quot;:[]}}\" data-widget_type=\"image-carousel.default\">\n\t\t\t\t<div class=\"elementor-widget-container\">\n\t\t\t\t\t\t\t<div class=\"elementor-image-carousel-wrapper swiper\" role=\"region\" aria-roledescription=\"carousel\" aria-label=\"Carrossel de imagens\" dir=\"ltr\">\n\t\t\t<div class=\"elementor-image-carousel swiper-wrapper\" aria-live=\"off\">\n\t\t\t\t\t\t\t\t<div class=\"swiper-slide\" role=\"group\" aria-roledescription=\"slide\" aria-label=\"1 de 5\"><a data-elementor-open-lightbox=\"yes\" data-elementor-lightbox-slideshow=\"faeda3e\" data-elementor-lightbox-title=\"sal5\" data-e-action-hash=\"#elementor-action%3Aaction%3Dlightbox%26settings%3DeyJpZCI6MTc4LCJ1cmwiOiJodHRwczpcL1wvZmFudGFsaW1lbnRvcy5jb20uYnJcL3dwLWNvbnRlbnRcL3VwbG9hZHNcLzIwMTdcLzEyXC9zYWw1LmpwZyIsInNsaWRlc2hvdyI6ImZhZWRhM2UifQ%3D%3D\" href=\"https:\/\/fantalimentos.com.br\/home\/auto-servicos\/\"><figure class=\"swiper-slide-inner\"><img decoding=\"async\" class=\"swiper-slide-image\" src=\"https:\/\/fantalimentos.com.br\/wp-content\/uploads\/2017\/12\/sal5.jpg\" alt=\"sal5\" \/><\/figure><\/a><\/div><div class=\"swiper-slide\" role=\"group\" aria-roledescription=\"slide\" aria-label=\"2 de 5\"><a data-elementor-open-lightbox=\"yes\" data-elementor-lightbox-slideshow=\"faeda3e\" data-elementor-lightbox-title=\"sal4\" data-e-action-hash=\"#elementor-action%3Aaction%3Dlightbox%26settings%3DeyJpZCI6MTc3LCJ1cmwiOiJodHRwczpcL1wvZmFudGFsaW1lbnRvcy5jb20uYnJcL3dwLWNvbnRlbnRcL3VwbG9hZHNcLzIwMTdcLzEyXC9zYWw0LmpwZyIsInNsaWRlc2hvdyI6ImZhZWRhM2UifQ%3D%3D\" href=\"https:\/\/fantalimentos.com.br\/home\/auto-servicos\/\"><figure class=\"swiper-slide-inner\"><img decoding=\"async\" class=\"swiper-slide-image\" src=\"https:\/\/fantalimentos.com.br\/wp-content\/uploads\/2017\/12\/sal4.jpg\" alt=\"sal4\" \/><\/figure><\/a><\/div><div class=\"swiper-slide\" role=\"group\" aria-roledescription=\"slide\" aria-label=\"3 de 5\"><a data-elementor-open-lightbox=\"yes\" data-elementor-lightbox-slideshow=\"faeda3e\" data-elementor-lightbox-title=\"sal3\" data-e-action-hash=\"#elementor-action%3Aaction%3Dlightbox%26settings%3DeyJpZCI6MTc2LCJ1cmwiOiJodHRwczpcL1wvZmFudGFsaW1lbnRvcy5jb20uYnJcL3dwLWNvbnRlbnRcL3VwbG9hZHNcLzIwMTdcLzEyXC9zYWwzLmpwZyIsInNsaWRlc2hvdyI6ImZhZWRhM2UifQ%3D%3D\" href=\"https:\/\/fantalimentos.com.br\/home\/auto-servicos\/\"><figure class=\"swiper-slide-inner\"><img decoding=\"async\" class=\"swiper-slide-image\" src=\"https:\/\/fantalimentos.com.br\/wp-content\/uploads\/2017\/12\/sal3.jpg\" alt=\"sal3\" \/><\/figure><\/a><\/div><div class=\"swiper-slide\" role=\"group\" aria-roledescription=\"slide\" aria-label=\"4 de 5\"><a data-elementor-open-lightbox=\"yes\" data-elementor-lightbox-slideshow=\"faeda3e\" data-elementor-lightbox-title=\"sal2\" data-e-action-hash=\"#elementor-action%3Aaction%3Dlightbox%26settings%3DeyJpZCI6MTc1LCJ1cmwiOiJodHRwczpcL1wvZmFudGFsaW1lbnRvcy5jb20uYnJcL3dwLWNvbnRlbnRcL3VwbG9hZHNcLzIwMTdcLzEyXC9zYWwyLmpwZyIsInNsaWRlc2hvdyI6ImZhZWRhM2UifQ%3D%3D\" href=\"https:\/\/fantalimentos.com.br\/home\/auto-servicos\/\"><figure class=\"swiper-slide-inner\"><img decoding=\"async\" class=\"swiper-slide-image\" src=\"https:\/\/fantalimentos.com.br\/wp-content\/uploads\/2017\/12\/sal2.jpg\" alt=\"sal2\" \/><\/figure><\/a><\/div><div class=\"swiper-slide\" role=\"group\" aria-roledescription=\"slide\" aria-label=\"5 de 5\"><a data-elementor-open-lightbox=\"yes\" data-elementor-lightbox-slideshow=\"faeda3e\" data-elementor-lightbox-title=\"sal1\" data-e-action-hash=\"#elementor-action%3Aaction%3Dlightbox%26settings%3DeyJpZCI6MTc0LCJ1cmwiOiJodHRwczpcL1wvZmFudGFsaW1lbnRvcy5jb20uYnJcL3dwLWNvbnRlbnRcL3VwbG9hZHNcLzIwMTdcLzEyXC9zYWwxLmpwZyIsInNsaWRlc2hvdyI6ImZhZWRhM2UifQ%3D%3D\" href=\"https:\/\/fantalimentos.com.br\/home\/auto-servicos\/\"><figure class=\"swiper-slide-inner\"><img decoding=\"async\" class=\"swiper-slide-image\" src=\"https:\/\/fantalimentos.com.br\/wp-content\/uploads\/2017\/12\/sal1.jpg\" alt=\"sal1\" \/><\/figure><\/a><\/div>\t\t\t<\/div>\n\t\t\t\t\t\t\t\t\t\t\t\t<div class=\"elementor-swiper-button elementor-swiper-button-prev\" role=\"button\" tabindex=\"0\">\n\t\t\t\t\t\t<i aria-hidden=\"true\" class=\"eicon-chevron-left\"><\/i>\t\t\t\t\t<\/div>\n\t\t\t\t\t<div class=\"elementor-swiper-button elementor-swiper-button-next\" role=\"button\" tabindex=\"0\">\n\t\t\t\t\t\t<i aria-hidden=\"true\" class=\"eicon-chevron-right\"><\/i>\t\t\t\t\t<\/div>\n\t\t\t\t\n\t\t\t\t\t\t\t\t\t<div class=\"swiper-pagination\"><\/div>\n\t\t\t\t\t\t\t\t\t<\/div>\n\t\t\t\t\t\t<\/div>\n\t\t\t\t<\/div>\n\t\t\t\t\t<\/div>\n\t\t<\/div>\n\t\t\t\t\t<\/div>\n\t\t<\/section>\n\t\t\t\t<section class=\"elementor-section elementor-top-section elementor-element elementor-element-3c5997c elementor-section-boxed elementor-section-height-default elementor-section-height-default\" data-id=\"3c5997c\" data-element_type=\"section\">\n\t\t\t\t\t\t<div class=\"elementor-container elementor-column-gap-default\">\n\t\t\t\t\t<div class=\"elementor-column elementor-col-50 elementor-top-column elementor-element elementor-element-40759a4\" data-id=\"40759a4\" data-element_type=\"column\">\n\t\t\t<div class=\"elementor-widget-wrap elementor-element-populated\">\n\t\t\t\t\t\t<div class=\"elementor-element elementor-element-83f725b elementor-widget-divider--view-line_text elementor-widget-divider--separator-type-pattern elementor-widget-divider--no-spacing elementor-widget-divider--element-align-center elementor-widget elementor-widget-divider\" data-id=\"83f725b\" data-element_type=\"widget\" data-widget_type=\"divider.default\">\n\t\t\t\t<div class=\"elementor-widget-container\">\n\t\t\t\t\t\t\t<div class=\"elementor-divider\" style=\"--divider-pattern-url: url(&quot;data:image\/svg+xml,%3Csvg xmlns=&#039;http:\/\/www.w3.org\/2000\/svg&#039; preserveAspectRatio=&#039;none&#039; overflow=&#039;visible&#039; height=&#039;100%&#039; viewBox=&#039;0 0 24 24&#039; fill=&#039;black&#039; stroke=&#039;none&#039;%3E%3Cpath d=&#039;M24,8v12H0V8H24z M24,4v1H0V4H24z&#039;\/%3E%3C\/svg%3E&quot;);\">\n\t\t\t<span class=\"elementor-divider-separator\">\n\t\t\t\t\t\t\t<span class=\"elementor-divider__text elementor-divider__element\">\n\t\t\t\tA Empresa\t\t\t\t<\/span>\n\t\t\t\t\t\t<\/span>\n\t\t<\/div>\n\t\t\t\t\t\t<\/div>\n\t\t\t\t<\/div>\n\t\t\t\t<div class=\"elementor-element elementor-element-545048c elementor-widget elementor-widget-image\" data-id=\"545048c\" data-element_type=\"widget\" data-widget_type=\"image.default\">\n\t\t\t\t<div class=\"elementor-widget-container\">\n\t\t\t\t\t\t\t\t\t\t\t\t\t\t\t<img fetchpriority=\"high\" decoding=\"async\" width=\"531\" height=\"485\" src=\"https:\/\/fantalimentos.com.br\/wp-content\/uploads\/2017\/10\/img_empresa.jpg\" class=\"attachment-full size-full wp-image-21\" alt=\"\" srcset=\"https:\/\/fantalimentos.com.br\/wp-content\/uploads\/2017\/10\/img_empresa.jpg 531w, https:\/\/fantalimentos.com.br\/wp-content\/uploads\/2017\/10\/img_empresa-300x274.jpg 300w, https:\/\/fantalimentos.com.br\/wp-content\/uploads\/2017\/10\/img_empresa-200x183.jpg 200w, https:\/\/fantalimentos.com.br\/wp-content\/uploads\/2017\/10\/img_empresa-400x365.jpg 400w\" sizes=\"(max-width: 531px) 100vw, 531px\" \/>\t\t\t\t\t\t\t\t\t\t\t\t\t\t\t<\/div>\n\t\t\t\t<\/div>\n\t\t\t\t\t<\/div>\n\t\t<\/div>\n\t\t\t\t<div class=\"elementor-column elementor-col-50 elementor-top-column elementor-element elementor-element-0358c2c\" data-id=\"0358c2c\" data-element_type=\"column\">\n\t\t\t<div class=\"elementor-widget-wrap elementor-element-populated\">\n\t\t\t\t\t\t<div class=\"elementor-element elementor-element-b7d51d9 elementor-widget-divider--view-line_text elementor-widget-divider--separator-type-pattern elementor-widget-divider--no-spacing elementor-widget-divider--element-align-center elementor-widget elementor-widget-divider\" data-id=\"b7d51d9\" data-element_type=\"widget\" data-widget_type=\"divider.default\">\n\t\t\t\t<div class=\"elementor-widget-container\">\n\t\t\t\t\t\t\t<div class=\"elementor-divider\" style=\"--divider-pattern-url: url(&quot;data:image\/svg+xml,%3Csvg xmlns=&#039;http:\/\/www.w3.org\/2000\/svg&#039; preserveAspectRatio=&#039;none&#039; overflow=&#039;visible&#039; height=&#039;100%&#039; viewBox=&#039;0 0 24 24&#039; fill=&#039;black&#039; stroke=&#039;none&#039;%3E%3Cpath d=&#039;M24,8v12H0V8H24z M24,4v1H0V4H24z&#039;\/%3E%3C\/svg%3E&quot;);\">\n\t\t\t<span class=\"elementor-divider-separator\">\n\t\t\t\t\t\t\t<span class=\"elementor-divider__text elementor-divider__element\">\n\t\t\t\tOnde Ficamos\t\t\t\t<\/span>\n\t\t\t\t\t\t<\/span>\n\t\t<\/div>\n\t\t\t\t\t\t<\/div>\n\t\t\t\t<\/div>\n\t\t\t\t<div class=\"elementor-element elementor-element-b92a283 elementor-widget elementor-widget-google_maps\" data-id=\"b92a283\" data-element_type=\"widget\" data-widget_type=\"google_maps.default\">\n\t\t\t\t<div class=\"elementor-widget-container\">\n\t\t\t\t\t\t\t<div class=\"elementor-custom-embed\">\n\t\t\t<iframe loading=\"lazy\"\n\t\t\t\t\tsrc=\"https:\/\/maps.google.com\/maps?q=Av.%20Joaquim%20Louzada%2C%20Q%3A09%20Lt%3A15%20tropical%20Ville%20-%20Novo%20Colorado%2C%20Cuiab%C3%A1%20-%20MT%2C%2078042-800&#038;t=m&#038;z=17&#038;output=embed&#038;iwloc=near\"\n\t\t\t\t\ttitle=\"Av. Joaquim Louzada, Q:09 Lt:15 tropical Ville - Novo Colorado, Cuiab\u00e1 - MT, 78042-800\"\n\t\t\t\t\taria-label=\"Av. Joaquim Louzada, Q:09 Lt:15 tropical Ville - Novo Colorado, Cuiab\u00e1 - MT, 78042-800\"\n\t\t\t><\/iframe>\n\t\t<\/div>\n\t\t\t\t\t\t<\/div>\n\t\t\t\t<\/div>\n\t\t\t\t\t<\/div>\n\t\t<\/div>\n\t\t\t\t\t<\/div>\n\t\t<\/section>\n\t\t\t\t<section class=\"elementor-section elementor-top-section elementor-element elementor-element-c470daa elementor-section-boxed elementor-section-height-default elementor-section-height-default\" data-id=\"c470daa\" data-element_type=\"section\">\n\t\t\t\t\t\t<div class=\"elementor-container elementor-column-gap-default\">\n\t\t\t\t\t<div class=\"elementor-column elementor-col-100 elementor-top-column elementor-element elementor-element-1a5e947\" data-id=\"1a5e947\" data-element_type=\"column\">\n\t\t\t<div class=\"elementor-widget-wrap elementor-element-populated\">\n\t\t\t\t\t\t<div class=\"elementor-element elementor-element-c90d452 elementor-align-center elementor-widget elementor-widget-button\" data-id=\"c90d452\" data-element_type=\"widget\" data-widget_type=\"button.default\">\n\t\t\t\t<div class=\"elementor-widget-container\">\n\t\t\t\t\t\t\t\t\t<div class=\"elementor-button-wrapper\">\n\t\t\t\t\t<a class=\"elementor-button elementor-button-link elementor-size-sm\" href=\"https:\/\/fantalimentos.com.br\/wp-content\/uploads\/2024\/12\/Catalogo-Fant-2025.pdf\" target=\"_blank\">\n\t\t\t\t\t\t<span class=\"elementor-button-content-wrapper\">\n\t\t\t\t\t\t\t\t\t<span class=\"elementor-button-text\">Cat\u00e1logo de Produtos<\/span>\n\t\t\t\t\t<\/span>\n\t\t\t\t\t<\/a>\n\t\t\t\t<\/div>\n\t\t\t\t\t\t\t\t<\/div>\n\t\t\t\t<\/div>\n\t\t\t\t\t<\/div>\n\t\t<\/div>\n\t\t\t\t\t<\/div>\n\t\t<\/section>\n\t\t\t\t<\/div>\n\t\t","protected":false},"excerpt":{"rendered":"<p>Nossa Sele\u00e7\u00e3o de Produtos A Empresa Onde Ficamos Cat\u00e1logo de Produtos<\/p>\n","protected":false},"author":1,"featured_media":49,"parent":0,"menu_order":0,"comment_status":"closed","ping_status":"closed","template":"","meta":{"footnotes":""},"class_list":["post-297","page","type-page","status-publish","has-post-thumbnail","hentry"],"yoast_head":"<!-- This site is optimized with the Yoast SEO plugin v26.3 - https:\/\/yoast.com\/wordpress\/plugins\/seo\/ -->\n<title>Fant Alimentos<\/title>\n<meta name=\"description\" content=\"As mais deliciosas receitas Gourmet em Cuiab\u00e1. Linhas exclusivas, pastas, sobremesas e molhos incr\u00edveis. Fant Alimentos\" \/>\n<meta name=\"robots\" content=\"index, follow, max-snippet:-1, max-image-preview:large, max-video-preview:-1\" \/>\n<link rel=\"canonical\" href=\"https:\/\/fantalimentos.com.br\/home\/\" \/>\n<meta property=\"og:locale\" content=\"pt_BR\" \/>\n<meta property=\"og:type\" content=\"article\" \/>\n<meta property=\"og:title\" content=\"Fant Alimentos\" \/>\n<meta property=\"og:description\" content=\"As mais deliciosas receitas Gourmet em Cuiab\u00e1. Linhas exclusivas, pastas, sobremesas e molhos incr\u00edveis. Fant Alimentos\" \/>\n<meta property=\"og:url\" content=\"https:\/\/fantalimentos.com.br\/home\/\" \/>\n<meta property=\"og:site_name\" content=\"Fant Alimentos\" \/>\n<meta property=\"article:modified_time\" content=\"2025-12-19T15:13:46+00:00\" \/>\n<meta property=\"og:image\" content=\"https:\/\/fantalimentos.com.br\/wp-content\/uploads\/2017\/10\/img_capa_empresa.jpg\" \/>\n\t<meta property=\"og:image:width\" content=\"531\" \/>\n\t<meta property=\"og:image:height\" content=\"249\" \/>\n\t<meta property=\"og:image:type\" content=\"image\/jpeg\" \/>\n<meta name=\"twitter:card\" content=\"summary_large_image\" \/>\n<meta name=\"twitter:label1\" content=\"Est. tempo de leitura\" \/>\n\t<meta name=\"twitter:data1\" content=\"3 minutos\" \/>\n<script type=\"application\/ld+json\" class=\"yoast-schema-graph\">{\"@context\":\"https:\/\/schema.org\",\"@graph\":[{\"@type\":\"WebPage\",\"@id\":\"https:\/\/fantalimentos.com.br\/home\/\",\"url\":\"https:\/\/fantalimentos.com.br\/home\/\",\"name\":\"Fant Alimentos\",\"isPartOf\":{\"@id\":\"https:\/\/fantalimentos.com.br\/home\/#website\"},\"primaryImageOfPage\":{\"@id\":\"https:\/\/fantalimentos.com.br\/home\/#primaryimage\"},\"image\":{\"@id\":\"https:\/\/fantalimentos.com.br\/home\/#primaryimage\"},\"thumbnailUrl\":\"https:\/\/fantalimentos.com.br\/wp-content\/uploads\/2017\/10\/img_capa_empresa.jpg\",\"datePublished\":\"2024-09-30T15:18:22+00:00\",\"dateModified\":\"2025-12-19T15:13:46+00:00\",\"description\":\"As mais deliciosas receitas Gourmet em Cuiab\u00e1. Linhas exclusivas, pastas, sobremesas e molhos incr\u00edveis. Fant Alimentos\",\"breadcrumb\":{\"@id\":\"https:\/\/fantalimentos.com.br\/home\/#breadcrumb\"},\"inLanguage\":\"pt-BR\",\"potentialAction\":[{\"@type\":\"ReadAction\",\"target\":[\"https:\/\/fantalimentos.com.br\/home\/\"]}]},{\"@type\":\"ImageObject\",\"inLanguage\":\"pt-BR\",\"@id\":\"https:\/\/fantalimentos.com.br\/home\/#primaryimage\",\"url\":\"https:\/\/fantalimentos.com.br\/wp-content\/uploads\/2017\/10\/img_capa_empresa.jpg\",\"contentUrl\":\"https:\/\/fantalimentos.com.br\/wp-content\/uploads\/2017\/10\/img_capa_empresa.jpg\",\"width\":531,\"height\":249},{\"@type\":\"BreadcrumbList\",\"@id\":\"https:\/\/fantalimentos.com.br\/home\/#breadcrumb\",\"itemListElement\":[{\"@type\":\"ListItem\",\"position\":1,\"name\":\"In\u00edcio\",\"item\":\"https:\/\/fantalimentos.com.br\/home\/\"},{\"@type\":\"ListItem\",\"position\":2,\"name\":\"Fant Alimentos\"}]},{\"@type\":\"WebSite\",\"@id\":\"https:\/\/fantalimentos.com.br\/home\/#website\",\"url\":\"https:\/\/fantalimentos.com.br\/home\/\",\"name\":\"Fant Alimentos\",\"description\":\"\",\"publisher\":{\"@id\":\"https:\/\/fantalimentos.com.br\/home\/#organization\"},\"potentialAction\":[{\"@type\":\"SearchAction\",\"target\":{\"@type\":\"EntryPoint\",\"urlTemplate\":\"https:\/\/fantalimentos.com.br\/home\/?s={search_term_string}\"},\"query-input\":{\"@type\":\"PropertyValueSpecification\",\"valueRequired\":true,\"valueName\":\"search_term_string\"}}],\"inLanguage\":\"pt-BR\"},{\"@type\":\"Organization\",\"@id\":\"https:\/\/fantalimentos.com.br\/home\/#organization\",\"name\":\"Fant Alimentos\",\"url\":\"https:\/\/fantalimentos.com.br\/home\/\",\"logo\":{\"@type\":\"ImageObject\",\"inLanguage\":\"pt-BR\",\"@id\":\"https:\/\/fantalimentos.com.br\/home\/#\/schema\/logo\/image\/\",\"url\":\"https:\/\/fantalimentos.com.br\/wp-content\/uploads\/2018\/03\/logo_rodape_250x108.png\",\"contentUrl\":\"https:\/\/fantalimentos.com.br\/wp-content\/uploads\/2018\/03\/logo_rodape_250x108.png\",\"width\":250,\"height\":108,\"caption\":\"Fant Alimentos\"},\"image\":{\"@id\":\"https:\/\/fantalimentos.com.br\/home\/#\/schema\/logo\/image\/\"}}]}<\/script>\n<!-- \/ Yoast SEO plugin. -->","yoast_head_json":{"title":"Fant Alimentos","description":"As mais deliciosas receitas Gourmet em Cuiab\u00e1. Linhas exclusivas, pastas, sobremesas e molhos incr\u00edveis. Fant Alimentos","robots":{"index":"index","follow":"follow","max-snippet":"max-snippet:-1","max-image-preview":"max-image-preview:large","max-video-preview":"max-video-preview:-1"},"canonical":"https:\/\/fantalimentos.com.br\/home\/","og_locale":"pt_BR","og_type":"article","og_title":"Fant Alimentos","og_description":"As mais deliciosas receitas Gourmet em Cuiab\u00e1. Linhas exclusivas, pastas, sobremesas e molhos incr\u00edveis. Fant Alimentos","og_url":"https:\/\/fantalimentos.com.br\/home\/","og_site_name":"Fant Alimentos","article_modified_time":"2025-12-19T15:13:46+00:00","og_image":[{"width":531,"height":249,"url":"https:\/\/fantalimentos.com.br\/wp-content\/uploads\/2017\/10\/img_capa_empresa.jpg","type":"image\/jpeg"}],"twitter_card":"summary_large_image","twitter_misc":{"Est. tempo de leitura":"3 minutos"},"schema":{"@context":"https:\/\/schema.org","@graph":[{"@type":"WebPage","@id":"https:\/\/fantalimentos.com.br\/home\/","url":"https:\/\/fantalimentos.com.br\/home\/","name":"Fant Alimentos","isPartOf":{"@id":"https:\/\/fantalimentos.com.br\/home\/#website"},"primaryImageOfPage":{"@id":"https:\/\/fantalimentos.com.br\/home\/#primaryimage"},"image":{"@id":"https:\/\/fantalimentos.com.br\/home\/#primaryimage"},"thumbnailUrl":"https:\/\/fantalimentos.com.br\/wp-content\/uploads\/2017\/10\/img_capa_empresa.jpg","datePublished":"2024-09-30T15:18:22+00:00","dateModified":"2025-12-19T15:13:46+00:00","description":"As mais deliciosas receitas Gourmet em Cuiab\u00e1. Linhas exclusivas, pastas, sobremesas e molhos incr\u00edveis. Fant Alimentos","breadcrumb":{"@id":"https:\/\/fantalimentos.com.br\/home\/#breadcrumb"},"inLanguage":"pt-BR","potentialAction":[{"@type":"ReadAction","target":["https:\/\/fantalimentos.com.br\/home\/"]}]},{"@type":"ImageObject","inLanguage":"pt-BR","@id":"https:\/\/fantalimentos.com.br\/home\/#primaryimage","url":"https:\/\/fantalimentos.com.br\/wp-content\/uploads\/2017\/10\/img_capa_empresa.jpg","contentUrl":"https:\/\/fantalimentos.com.br\/wp-content\/uploads\/2017\/10\/img_capa_empresa.jpg","width":531,"height":249},{"@type":"BreadcrumbList","@id":"https:\/\/fantalimentos.com.br\/home\/#breadcrumb","itemListElement":[{"@type":"ListItem","position":1,"name":"In\u00edcio","item":"https:\/\/fantalimentos.com.br\/home\/"},{"@type":"ListItem","position":2,"name":"Fant Alimentos"}]},{"@type":"WebSite","@id":"https:\/\/fantalimentos.com.br\/home\/#website","url":"https:\/\/fantalimentos.com.br\/home\/","name":"Fant Alimentos","description":"","publisher":{"@id":"https:\/\/fantalimentos.com.br\/home\/#organization"},"potentialAction":[{"@type":"SearchAction","target":{"@type":"EntryPoint","urlTemplate":"https:\/\/fantalimentos.com.br\/home\/?s={search_term_string}"},"query-input":{"@type":"PropertyValueSpecification","valueRequired":true,"valueName":"search_term_string"}}],"inLanguage":"pt-BR"},{"@type":"Organization","@id":"https:\/\/fantalimentos.com.br\/home\/#organization","name":"Fant Alimentos","url":"https:\/\/fantalimentos.com.br\/home\/","logo":{"@type":"ImageObject","inLanguage":"pt-BR","@id":"https:\/\/fantalimentos.com.br\/home\/#\/schema\/logo\/image\/","url":"https:\/\/fantalimentos.com.br\/wp-content\/uploads\/2018\/03\/logo_rodape_250x108.png","contentUrl":"https:\/\/fantalimentos.com.br\/wp-content\/uploads\/2018\/03\/logo_rodape_250x108.png","width":250,"height":108,"caption":"Fant Alimentos"},"image":{"@id":"https:\/\/fantalimentos.com.br\/home\/#\/schema\/logo\/image\/"}}]}},"_links":{"self":[{"href":"https:\/\/fantalimentos.com.br\/home\/wp-json\/wp\/v2\/pages\/297","targetHints":{"allow":["GET"]}}],"collection":[{"href":"https:\/\/fantalimentos.com.br\/home\/wp-json\/wp\/v2\/pages"}],"about":[{"href":"https:\/\/fantalimentos.com.br\/home\/wp-json\/wp\/v2\/types\/page"}],"author":[{"embeddable":true,"href":"https:\/\/fantalimentos.com.br\/home\/wp-json\/wp\/v2\/users\/1"}],"replies":[{"embeddable":true,"href":"https:\/\/fantalimentos.com.br\/home\/wp-json\/wp\/v2\/comments?post=297"}],"version-history":[{"count":61,"href":"https:\/\/fantalimentos.com.br\/home\/wp-json\/wp\/v2\/pages\/297\/revisions"}],"predecessor-version":[{"id":1039,"href":"https:\/\/fantalimentos.com.br\/home\/wp-json\/wp\/v2\/pages\/297\/revisions\/1039"}],"wp:featuredmedia":[{"embeddable":true,"href":"https:\/\/fantalimentos.com.br\/home\/wp-json\/wp\/v2\/media\/49"}],"wp:attachment":[{"href":"https:\/\/fantalimentos.com.br\/home\/wp-json\/wp\/v2\/media?parent=297"}],"curies":[{"name":"wp","href":"https:\/\/api.w.org\/{rel}","templated":true}]}}