{"id":519,"date":"2024-09-30T15:01:02","date_gmt":"2024-09-30T19:01:02","guid":{"rendered":"https:\/\/fantalimentos.com.br\/home\/?page_id=519"},"modified":"2024-10-03T13:07:37","modified_gmt":"2024-10-03T17:07:37","slug":"parceiros","status":"publish","type":"page","link":"https:\/\/fantalimentos.com.br\/home\/parceiros\/","title":{"rendered":"Parceiros"},"content":{"rendered":"\t\t<div data-elementor-type=\"wp-page\" data-elementor-id=\"519\" class=\"elementor elementor-519\" data-elementor-post-type=\"page\">\n\t\t\t\t\t\t<section class=\"elementor-section elementor-top-section elementor-element elementor-element-1559014c elementor-section-height-min-height elementor-section-boxed elementor-section-height-default elementor-section-items-middle\" data-id=\"1559014c\" data-element_type=\"section\" data-settings=\"{&quot;background_background&quot;:&quot;classic&quot;}\">\n\t\t\t\t\t\t\t<div class=\"elementor-background-overlay\"><\/div>\n\t\t\t\t\t\t\t<div class=\"elementor-container elementor-column-gap-default\">\n\t\t\t\t\t<div class=\"elementor-column elementor-col-100 elementor-top-column elementor-element elementor-element-373d698e\" data-id=\"373d698e\" data-element_type=\"column\">\n\t\t\t<div class=\"elementor-widget-wrap elementor-element-populated\">\n\t\t\t\t\t\t<div class=\"elementor-element elementor-element-7eb7a4a7 elementor-widget elementor-widget-heading\" data-id=\"7eb7a4a7\" data-element_type=\"widget\" data-widget_type=\"heading.default\">\n\t\t\t\t<div class=\"elementor-widget-container\">\n\t\t\t\t\t<h1 class=\"elementor-heading-title elementor-size-default\">Parceiros<\/h1>\t\t\t\t<\/div>\n\t\t\t\t<\/div>\n\t\t\t\t\t<\/div>\n\t\t<\/div>\n\t\t\t\t\t<\/div>\n\t\t<\/section>\n\t\t\t\t<section class=\"elementor-section elementor-top-section elementor-element elementor-element-1371bd98 elementor-section-height-min-height elementor-section-boxed elementor-section-height-default elementor-section-items-middle\" data-id=\"1371bd98\" data-element_type=\"section\">\n\t\t\t\t\t\t<div class=\"elementor-container elementor-column-gap-default\">\n\t\t\t\t\t<div class=\"elementor-column elementor-col-100 elementor-top-column elementor-element elementor-element-729543ec\" data-id=\"729543ec\" data-element_type=\"column\">\n\t\t\t<div class=\"elementor-widget-wrap elementor-element-populated\">\n\t\t\t\t\t\t<div class=\"elementor-element elementor-element-6b440b26 elementor-widget elementor-widget-heading\" data-id=\"6b440b26\" data-element_type=\"widget\" data-widget_type=\"heading.default\">\n\t\t\t\t<div class=\"elementor-widget-container\">\n\t\t\t\t\t<h2 class=\"elementor-heading-title elementor-size-default\">Alguns de nossos Parceiros<\/h2>\t\t\t\t<\/div>\n\t\t\t\t<\/div>\n\t\t\t\t<div class=\"elementor-element elementor-element-19466102 elementor-arrows-position-inside elementor-pagination-position-outside elementor-widget elementor-widget-image-carousel\" data-id=\"19466102\" data-element_type=\"widget\" data-settings=\"{&quot;slides_to_show&quot;:&quot;5&quot;,&quot;slides_to_scroll&quot;:&quot;1&quot;,&quot;image_spacing_custom&quot;:{&quot;unit&quot;:&quot;px&quot;,&quot;size&quot;:0,&quot;sizes&quot;:[]},&quot;navigation&quot;:&quot;both&quot;,&quot;autoplay&quot;:&quot;yes&quot;,&quot;pause_on_hover&quot;:&quot;yes&quot;,&quot;pause_on_interaction&quot;:&quot;yes&quot;,&quot;autoplay_speed&quot;:5000,&quot;infinite&quot;:&quot;yes&quot;,&quot;speed&quot;:500,&quot;image_spacing_custom_tablet&quot;:{&quot;unit&quot;:&quot;px&quot;,&quot;size&quot;:&quot;&quot;,&quot;sizes&quot;:[]},&quot;image_spacing_custom_mobile&quot;:{&quot;unit&quot;:&quot;px&quot;,&quot;size&quot;:&quot;&quot;,&quot;sizes&quot;:[]}}\" data-widget_type=\"image-carousel.default\">\n\t\t\t\t<div class=\"elementor-widget-container\">\n\t\t\t\t\t\t\t<div class=\"elementor-image-carousel-wrapper swiper\" role=\"region\" aria-roledescription=\"carousel\" aria-label=\"Carrossel de imagens\" dir=\"ltr\">\n\t\t\t<div class=\"elementor-image-carousel swiper-wrapper\" aria-live=\"off\">\n\t\t\t\t\t\t\t\t<div class=\"swiper-slide\" role=\"group\" aria-roledescription=\"slide\" aria-label=\"1 de 8\"><figure class=\"swiper-slide-inner\"><img decoding=\"async\" class=\"swiper-slide-image\" src=\"https:\/\/fantalimentos.com.br\/wp-content\/uploads\/2024\/09\/download-23-150x150.jpeg\" alt=\"download (23)\" \/><\/figure><\/div><div class=\"swiper-slide\" role=\"group\" aria-roledescription=\"slide\" aria-label=\"2 de 8\"><figure class=\"swiper-slide-inner\"><img decoding=\"async\" class=\"swiper-slide-image\" src=\"https:\/\/fantalimentos.com.br\/wp-content\/uploads\/2024\/09\/download-22-150x150.jpeg\" alt=\"download (22)\" \/><\/figure><\/div><div class=\"swiper-slide\" role=\"group\" aria-roledescription=\"slide\" aria-label=\"3 de 8\"><figure class=\"swiper-slide-inner\"><img decoding=\"async\" class=\"swiper-slide-image\" src=\"https:\/\/fantalimentos.com.br\/wp-content\/uploads\/2024\/09\/download-21-150x150.jpeg\" alt=\"download (21)\" \/><\/figure><\/div><div class=\"swiper-slide\" role=\"group\" aria-roledescription=\"slide\" aria-label=\"4 de 8\"><figure class=\"swiper-slide-inner\"><img decoding=\"async\" class=\"swiper-slide-image\" src=\"https:\/\/fantalimentos.com.br\/wp-content\/uploads\/2024\/09\/download-150x150.png\" alt=\"download\" \/><\/figure><\/div><div class=\"swiper-slide\" role=\"group\" aria-roledescription=\"slide\" aria-label=\"5 de 8\"><figure class=\"swiper-slide-inner\"><img decoding=\"async\" class=\"swiper-slide-image\" src=\"https:\/\/fantalimentos.com.br\/wp-content\/uploads\/2024\/09\/download-2-150x150.png\" alt=\"download (2)\" \/><\/figure><\/div><div class=\"swiper-slide\" role=\"group\" aria-roledescription=\"slide\" aria-label=\"6 de 8\"><figure class=\"swiper-slide-inner\"><img decoding=\"async\" class=\"swiper-slide-image\" src=\"https:\/\/fantalimentos.com.br\/wp-content\/uploads\/2024\/09\/download-25-150x150.jpeg\" alt=\"download (25)\" \/><\/figure><\/div><div class=\"swiper-slide\" role=\"group\" aria-roledescription=\"slide\" aria-label=\"7 de 8\"><figure class=\"swiper-slide-inner\"><img decoding=\"async\" class=\"swiper-slide-image\" src=\"https:\/\/fantalimentos.com.br\/wp-content\/uploads\/2024\/09\/download-1-150x150.png\" alt=\"download (1)\" \/><\/figure><\/div><div class=\"swiper-slide\" role=\"group\" aria-roledescription=\"slide\" aria-label=\"8 de 8\"><figure class=\"swiper-slide-inner\"><img decoding=\"async\" class=\"swiper-slide-image\" src=\"https:\/\/fantalimentos.com.br\/wp-content\/uploads\/2024\/09\/download-24-150x150.jpeg\" alt=\"download (24)\" \/><\/figure><\/div>\t\t\t<\/div>\n\t\t\t\t\t\t\t\t\t\t\t\t<div class=\"elementor-swiper-button elementor-swiper-button-prev\" role=\"button\" tabindex=\"0\">\n\t\t\t\t\t\t<i aria-hidden=\"true\" class=\"eicon-chevron-left\"><\/i>\t\t\t\t\t<\/div>\n\t\t\t\t\t<div class=\"elementor-swiper-button elementor-swiper-button-next\" role=\"button\" tabindex=\"0\">\n\t\t\t\t\t\t<i aria-hidden=\"true\" class=\"eicon-chevron-right\"><\/i>\t\t\t\t\t<\/div>\n\t\t\t\t\n\t\t\t\t\t\t\t\t\t<div class=\"swiper-pagination\"><\/div>\n\t\t\t\t\t\t\t\t\t<\/div>\n\t\t\t\t\t\t<\/div>\n\t\t\t\t<\/div>\n\t\t\t\t\t<\/div>\n\t\t<\/div>\n\t\t\t\t\t<\/div>\n\t\t<\/section>\n\t\t\t\t<section class=\"elementor-section elementor-top-section elementor-element elementor-element-126d0af elementor-section-boxed elementor-section-height-default elementor-section-height-default\" data-id=\"126d0af\" data-element_type=\"section\">\n\t\t\t\t\t\t<div class=\"elementor-container elementor-column-gap-default\">\n\t\t\t\t\t<div class=\"elementor-column elementor-col-33 elementor-top-column elementor-element elementor-element-804cfdd\" data-id=\"804cfdd\" data-element_type=\"column\">\n\t\t\t<div class=\"elementor-widget-wrap elementor-element-populated\">\n\t\t\t\t\t\t<div class=\"elementor-element elementor-element-4f90483 elementor-widget elementor-widget-text-editor\" data-id=\"4f90483\" data-element_type=\"widget\" data-widget_type=\"text-editor.default\">\n\t\t\t\t<div class=\"elementor-widget-container\">\n\t\t\t\t\t\t\t\t\t<p>Big Lar<br \/>Supermercado Comper<br \/>Mahalo<br \/>Get\u00falio Grill<br \/>Meats Grell<br \/>Mirante das \u00c1guas<br \/>Tele-Pizza<br \/>Cupim Bar<br \/>Churrascaria Boi Grill<br \/>Varadero Bistr\u00f4<br \/>Estilos Restaurante<br \/>Metro Pizza<\/p>\t\t\t\t\t\t\t\t<\/div>\n\t\t\t\t<\/div>\n\t\t\t\t\t<\/div>\n\t\t<\/div>\n\t\t\t\t<div class=\"elementor-column elementor-col-33 elementor-top-column elementor-element elementor-element-3c756ee\" data-id=\"3c756ee\" data-element_type=\"column\">\n\t\t\t<div class=\"elementor-widget-wrap elementor-element-populated\">\n\t\t\t\t\t\t<div class=\"elementor-element elementor-element-61f2ed4 elementor-widget elementor-widget-text-editor\" data-id=\"61f2ed4\" data-element_type=\"widget\" data-widget_type=\"text-editor.default\">\n\t\t\t\t<div class=\"elementor-widget-container\">\n\t\t\t\t\t\t\t\t\t<p>Churrascaria Ga\u00facha<br \/>Deck Avenida<br \/>Sorveterias Alaska<br \/>Eros Motel<br \/>Due Ladrone<br \/>Cedros<br \/>Temaki San<br \/>Okada Peixaria<br \/>Jap\u00f4<br \/>Ditado Popular<br \/>Cacalo Peixaria<br \/>Hot\u00e9is Deville<\/p>\t\t\t\t\t\t\t\t<\/div>\n\t\t\t\t<\/div>\n\t\t\t\t\t<\/div>\n\t\t<\/div>\n\t\t\t\t<div class=\"elementor-column elementor-col-33 elementor-top-column elementor-element elementor-element-2c423a6\" data-id=\"2c423a6\" data-element_type=\"column\">\n\t\t\t<div class=\"elementor-widget-wrap elementor-element-populated\">\n\t\t\t\t\t\t<div class=\"elementor-element elementor-element-3498d75 elementor-widget-mobile__width-initial elementor-widget elementor-widget-text-editor\" data-id=\"3498d75\" data-element_type=\"widget\" data-widget_type=\"text-editor.default\">\n\t\t\t\t<div class=\"elementor-widget-container\">\n\t\t\t\t\t\t\t\t\t<p>Haru<br \/>Du Caju<br \/>Chop\u00e3o<br \/>L\u00e9lis Peixaria<br \/>Delmond Hotel<br \/>Delcas Hotel<br \/>Hot\u00e9l Paiagu\u00e1s<br \/>Buffet Leila MAlouf<br \/>Novo Sabor Refei\u00e7\u00f5es Coletivas<br \/>Supermercados Fortaleza<br \/>e outros\u2026<\/p>\t\t\t\t\t\t\t\t<\/div>\n\t\t\t\t<\/div>\n\t\t\t\t\t<\/div>\n\t\t<\/div>\n\t\t\t\t\t<\/div>\n\t\t<\/section>\n\t\t\t\t<\/div>\n\t\t","protected":false},"excerpt":{"rendered":"<p>Parceiros Alguns de nossos Parceiros Big LarSupermercado ComperMahaloGet\u00falio GrillMeats GrellMirante das \u00c1guasTele-PizzaCupim BarChurrascaria Boi GrillVaradero Bistr\u00f4Estilos RestauranteMetro Pizza Churrascaria Ga\u00fachaDeck AvenidaSorveterias AlaskaEros MotelDue LadroneCedrosTemaki SanOkada PeixariaJap\u00f4Ditado PopularCacalo PeixariaHot\u00e9is Deville HaruDu CajuChop\u00e3oL\u00e9lis PeixariaDelmond HotelDelcas HotelHot\u00e9l Paiagu\u00e1sBuffet Leila MAloufNovo Sabor Refei\u00e7\u00f5es ColetivasSupermercados Fortalezae outros\u2026<\/p>\n","protected":false},"author":1,"featured_media":0,"parent":0,"menu_order":0,"comment_status":"closed","ping_status":"closed","template":"","meta":{"footnotes":""},"class_list":["post-519","page","type-page","status-publish","hentry"],"yoast_head":"<!-- This site is optimized with the Yoast SEO plugin v26.3 - https:\/\/yoast.com\/wordpress\/plugins\/seo\/ -->\n<title>Parceiros - Fant Alimentos<\/title>\n<meta name=\"robots\" content=\"index, follow, max-snippet:-1, max-image-preview:large, max-video-preview:-1\" \/>\n<link rel=\"canonical\" href=\"https:\/\/fantalimentos.com.br\/home\/parceiros\/\" \/>\n<meta property=\"og:locale\" content=\"pt_BR\" \/>\n<meta property=\"og:type\" content=\"article\" \/>\n<meta property=\"og:title\" content=\"Parceiros - Fant Alimentos\" \/>\n<meta property=\"og:description\" content=\"Parceiros Alguns de nossos Parceiros Big LarSupermercado ComperMahaloGet\u00falio GrillMeats GrellMirante das \u00c1guasTele-PizzaCupim BarChurrascaria Boi GrillVaradero Bistr\u00f4Estilos RestauranteMetro Pizza Churrascaria Ga\u00fachaDeck AvenidaSorveterias AlaskaEros MotelDue LadroneCedrosTemaki SanOkada PeixariaJap\u00f4Ditado PopularCacalo PeixariaHot\u00e9is Deville HaruDu CajuChop\u00e3oL\u00e9lis PeixariaDelmond HotelDelcas HotelHot\u00e9l Paiagu\u00e1sBuffet Leila MAloufNovo Sabor Refei\u00e7\u00f5es ColetivasSupermercados Fortalezae outros\u2026\" \/>\n<meta property=\"og:url\" content=\"https:\/\/fantalimentos.com.br\/home\/parceiros\/\" \/>\n<meta property=\"og:site_name\" content=\"Fant Alimentos\" \/>\n<meta property=\"article:modified_time\" content=\"2024-10-03T17:07:37+00:00\" \/>\n<meta property=\"og:image\" content=\"https:\/\/fantalimentos.com.br\/wp-content\/uploads\/2024\/09\/download-23-150x150.jpeg\" \/>\n<meta name=\"twitter:card\" content=\"summary_large_image\" \/>\n<script type=\"application\/ld+json\" class=\"yoast-schema-graph\">{\"@context\":\"https:\/\/schema.org\",\"@graph\":[{\"@type\":\"WebPage\",\"@id\":\"https:\/\/fantalimentos.com.br\/home\/parceiros\/\",\"url\":\"https:\/\/fantalimentos.com.br\/home\/parceiros\/\",\"name\":\"Parceiros - Fant Alimentos\",\"isPartOf\":{\"@id\":\"https:\/\/fantalimentos.com.br\/home\/#website\"},\"primaryImageOfPage\":{\"@id\":\"https:\/\/fantalimentos.com.br\/home\/parceiros\/#primaryimage\"},\"image\":{\"@id\":\"https:\/\/fantalimentos.com.br\/home\/parceiros\/#primaryimage\"},\"thumbnailUrl\":\"https:\/\/fantalimentos.com.br\/wp-content\/uploads\/2024\/09\/download-23-150x150.jpeg\",\"datePublished\":\"2024-09-30T19:01:02+00:00\",\"dateModified\":\"2024-10-03T17:07:37+00:00\",\"breadcrumb\":{\"@id\":\"https:\/\/fantalimentos.com.br\/home\/parceiros\/#breadcrumb\"},\"inLanguage\":\"pt-BR\",\"potentialAction\":[{\"@type\":\"ReadAction\",\"target\":[\"https:\/\/fantalimentos.com.br\/home\/parceiros\/\"]}]},{\"@type\":\"ImageObject\",\"inLanguage\":\"pt-BR\",\"@id\":\"https:\/\/fantalimentos.com.br\/home\/parceiros\/#primaryimage\",\"url\":\"https:\/\/fantalimentos.com.br\/wp-content\/uploads\/2024\/09\/download-23-150x150.jpeg\",\"contentUrl\":\"https:\/\/fantalimentos.com.br\/wp-content\/uploads\/2024\/09\/download-23-150x150.jpeg\"},{\"@type\":\"BreadcrumbList\",\"@id\":\"https:\/\/fantalimentos.com.br\/home\/parceiros\/#breadcrumb\",\"itemListElement\":[{\"@type\":\"ListItem\",\"position\":1,\"name\":\"In\u00edcio\",\"item\":\"https:\/\/fantalimentos.com.br\/home\/\"},{\"@type\":\"ListItem\",\"position\":2,\"name\":\"Parceiros\"}]},{\"@type\":\"WebSite\",\"@id\":\"https:\/\/fantalimentos.com.br\/home\/#website\",\"url\":\"https:\/\/fantalimentos.com.br\/home\/\",\"name\":\"Fant Alimentos\",\"description\":\"\",\"publisher\":{\"@id\":\"https:\/\/fantalimentos.com.br\/home\/#organization\"},\"potentialAction\":[{\"@type\":\"SearchAction\",\"target\":{\"@type\":\"EntryPoint\",\"urlTemplate\":\"https:\/\/fantalimentos.com.br\/home\/?s={search_term_string}\"},\"query-input\":{\"@type\":\"PropertyValueSpecification\",\"valueRequired\":true,\"valueName\":\"search_term_string\"}}],\"inLanguage\":\"pt-BR\"},{\"@type\":\"Organization\",\"@id\":\"https:\/\/fantalimentos.com.br\/home\/#organization\",\"name\":\"Fant Alimentos\",\"url\":\"https:\/\/fantalimentos.com.br\/home\/\",\"logo\":{\"@type\":\"ImageObject\",\"inLanguage\":\"pt-BR\",\"@id\":\"https:\/\/fantalimentos.com.br\/home\/#\/schema\/logo\/image\/\",\"url\":\"https:\/\/fantalimentos.com.br\/wp-content\/uploads\/2018\/03\/logo_rodape_250x108.png\",\"contentUrl\":\"https:\/\/fantalimentos.com.br\/wp-content\/uploads\/2018\/03\/logo_rodape_250x108.png\",\"width\":250,\"height\":108,\"caption\":\"Fant Alimentos\"},\"image\":{\"@id\":\"https:\/\/fantalimentos.com.br\/home\/#\/schema\/logo\/image\/\"}}]}<\/script>\n<!-- \/ Yoast SEO plugin. -->","yoast_head_json":{"title":"Parceiros - Fant Alimentos","robots":{"index":"index","follow":"follow","max-snippet":"max-snippet:-1","max-image-preview":"max-image-preview:large","max-video-preview":"max-video-preview:-1"},"canonical":"https:\/\/fantalimentos.com.br\/home\/parceiros\/","og_locale":"pt_BR","og_type":"article","og_title":"Parceiros - Fant Alimentos","og_description":"Parceiros Alguns de nossos Parceiros Big LarSupermercado ComperMahaloGet\u00falio GrillMeats GrellMirante das \u00c1guasTele-PizzaCupim BarChurrascaria Boi GrillVaradero Bistr\u00f4Estilos RestauranteMetro Pizza Churrascaria Ga\u00fachaDeck AvenidaSorveterias AlaskaEros MotelDue LadroneCedrosTemaki SanOkada PeixariaJap\u00f4Ditado PopularCacalo PeixariaHot\u00e9is Deville HaruDu CajuChop\u00e3oL\u00e9lis PeixariaDelmond HotelDelcas HotelHot\u00e9l Paiagu\u00e1sBuffet Leila MAloufNovo Sabor Refei\u00e7\u00f5es ColetivasSupermercados Fortalezae outros\u2026","og_url":"https:\/\/fantalimentos.com.br\/home\/parceiros\/","og_site_name":"Fant Alimentos","article_modified_time":"2024-10-03T17:07:37+00:00","og_image":[{"url":"https:\/\/fantalimentos.com.br\/wp-content\/uploads\/2024\/09\/download-23-150x150.jpeg","type":"","width":"","height":""}],"twitter_card":"summary_large_image","schema":{"@context":"https:\/\/schema.org","@graph":[{"@type":"WebPage","@id":"https:\/\/fantalimentos.com.br\/home\/parceiros\/","url":"https:\/\/fantalimentos.com.br\/home\/parceiros\/","name":"Parceiros - Fant Alimentos","isPartOf":{"@id":"https:\/\/fantalimentos.com.br\/home\/#website"},"primaryImageOfPage":{"@id":"https:\/\/fantalimentos.com.br\/home\/parceiros\/#primaryimage"},"image":{"@id":"https:\/\/fantalimentos.com.br\/home\/parceiros\/#primaryimage"},"thumbnailUrl":"https:\/\/fantalimentos.com.br\/wp-content\/uploads\/2024\/09\/download-23-150x150.jpeg","datePublished":"2024-09-30T19:01:02+00:00","dateModified":"2024-10-03T17:07:37+00:00","breadcrumb":{"@id":"https:\/\/fantalimentos.com.br\/home\/parceiros\/#breadcrumb"},"inLanguage":"pt-BR","potentialAction":[{"@type":"ReadAction","target":["https:\/\/fantalimentos.com.br\/home\/parceiros\/"]}]},{"@type":"ImageObject","inLanguage":"pt-BR","@id":"https:\/\/fantalimentos.com.br\/home\/parceiros\/#primaryimage","url":"https:\/\/fantalimentos.com.br\/wp-content\/uploads\/2024\/09\/download-23-150x150.jpeg","contentUrl":"https:\/\/fantalimentos.com.br\/wp-content\/uploads\/2024\/09\/download-23-150x150.jpeg"},{"@type":"BreadcrumbList","@id":"https:\/\/fantalimentos.com.br\/home\/parceiros\/#breadcrumb","itemListElement":[{"@type":"ListItem","position":1,"name":"In\u00edcio","item":"https:\/\/fantalimentos.com.br\/home\/"},{"@type":"ListItem","position":2,"name":"Parceiros"}]},{"@type":"WebSite","@id":"https:\/\/fantalimentos.com.br\/home\/#website","url":"https:\/\/fantalimentos.com.br\/home\/","name":"Fant Alimentos","description":"","publisher":{"@id":"https:\/\/fantalimentos.com.br\/home\/#organization"},"potentialAction":[{"@type":"SearchAction","target":{"@type":"EntryPoint","urlTemplate":"https:\/\/fantalimentos.com.br\/home\/?s={search_term_string}"},"query-input":{"@type":"PropertyValueSpecification","valueRequired":true,"valueName":"search_term_string"}}],"inLanguage":"pt-BR"},{"@type":"Organization","@id":"https:\/\/fantalimentos.com.br\/home\/#organization","name":"Fant Alimentos","url":"https:\/\/fantalimentos.com.br\/home\/","logo":{"@type":"ImageObject","inLanguage":"pt-BR","@id":"https:\/\/fantalimentos.com.br\/home\/#\/schema\/logo\/image\/","url":"https:\/\/fantalimentos.com.br\/wp-content\/uploads\/2018\/03\/logo_rodape_250x108.png","contentUrl":"https:\/\/fantalimentos.com.br\/wp-content\/uploads\/2018\/03\/logo_rodape_250x108.png","width":250,"height":108,"caption":"Fant Alimentos"},"image":{"@id":"https:\/\/fantalimentos.com.br\/home\/#\/schema\/logo\/image\/"}}]}},"_links":{"self":[{"href":"https:\/\/fantalimentos.com.br\/home\/wp-json\/wp\/v2\/pages\/519","targetHints":{"allow":["GET"]}}],"collection":[{"href":"https:\/\/fantalimentos.com.br\/home\/wp-json\/wp\/v2\/pages"}],"about":[{"href":"https:\/\/fantalimentos.com.br\/home\/wp-json\/wp\/v2\/types\/page"}],"author":[{"embeddable":true,"href":"https:\/\/fantalimentos.com.br\/home\/wp-json\/wp\/v2\/users\/1"}],"replies":[{"embeddable":true,"href":"https:\/\/fantalimentos.com.br\/home\/wp-json\/wp\/v2\/comments?post=519"}],"version-history":[{"count":7,"href":"https:\/\/fantalimentos.com.br\/home\/wp-json\/wp\/v2\/pages\/519\/revisions"}],"predecessor-version":[{"id":717,"href":"https:\/\/fantalimentos.com.br\/home\/wp-json\/wp\/v2\/pages\/519\/revisions\/717"}],"wp:attachment":[{"href":"https:\/\/fantalimentos.com.br\/home\/wp-json\/wp\/v2\/media?parent=519"}],"curies":[{"name":"wp","href":"https:\/\/api.w.org\/{rel}","templated":true}]}}