{"id":587,"date":"2024-10-01T12:16:59","date_gmt":"2024-10-01T16:16:59","guid":{"rendered":"https:\/\/fantalimentos.com.br\/home\/?page_id=587"},"modified":"2024-11-26T17:46:39","modified_gmt":"2024-11-26T21:46:39","slug":"petit-gateau-mp","status":"publish","type":"page","link":"https:\/\/fantalimentos.com.br\/home\/petit-gateau-mp\/","title":{"rendered":"Petit G\u00e2teau"},"content":{"rendered":"\t\t<div data-elementor-type=\"wp-page\" data-elementor-id=\"587\" class=\"elementor elementor-587\" data-elementor-post-type=\"page\">\n\t\t\t\t\t\t<section class=\"elementor-section elementor-top-section elementor-element elementor-element-ef1eac1 elementor-section-height-min-height elementor-section-boxed elementor-section-height-default elementor-section-items-middle\" data-id=\"ef1eac1\" data-element_type=\"section\" data-settings=\"{&quot;background_background&quot;:&quot;classic&quot;}\">\n\t\t\t\t\t\t\t<div class=\"elementor-background-overlay\"><\/div>\n\t\t\t\t\t\t\t<div class=\"elementor-container elementor-column-gap-default\">\n\t\t\t\t\t<div class=\"elementor-column elementor-col-100 elementor-top-column elementor-element elementor-element-ff16a2d\" data-id=\"ff16a2d\" data-element_type=\"column\">\n\t\t\t<div class=\"elementor-widget-wrap elementor-element-populated\">\n\t\t\t\t\t\t<div class=\"elementor-element elementor-element-6cb232f elementor-widget elementor-widget-heading\" data-id=\"6cb232f\" data-element_type=\"widget\" data-widget_type=\"heading.default\">\n\t\t\t\t<div class=\"elementor-widget-container\">\n\t\t\t\t\t<h1 class=\"elementor-heading-title elementor-size-default\">Petit G\u00e2teau<\/h1>\t\t\t\t<\/div>\n\t\t\t\t<\/div>\n\t\t\t\t\t<\/div>\n\t\t<\/div>\n\t\t\t\t\t<\/div>\n\t\t<\/section>\n\t\t\t\t<section class=\"elementor-section elementor-top-section elementor-element elementor-element-0da6ea4 elementor-section-height-min-height elementor-section-boxed elementor-section-height-default elementor-section-items-middle\" data-id=\"0da6ea4\" data-element_type=\"section\" data-settings=\"{&quot;background_background&quot;:&quot;classic&quot;}\">\n\t\t\t\t\t\t<div class=\"elementor-container elementor-column-gap-default\">\n\t\t\t\t\t<div class=\"elementor-column elementor-col-50 elementor-top-column elementor-element elementor-element-2eac3b1\" data-id=\"2eac3b1\" data-element_type=\"column\">\n\t\t\t<div class=\"elementor-widget-wrap elementor-element-populated\">\n\t\t\t\t\t\t<section class=\"elementor-section elementor-inner-section elementor-element elementor-element-c4f4b10 elementor-section-height-min-height elementor-section-content-middle elementor-section-full_width elementor-section-height-default\" data-id=\"c4f4b10\" data-element_type=\"section\">\n\t\t\t\t\t\t<div class=\"elementor-container elementor-column-gap-default\">\n\t\t\t\t\t<div class=\"elementor-column elementor-col-100 elementor-inner-column elementor-element elementor-element-79c1cb2\" data-id=\"79c1cb2\" data-element_type=\"column\">\n\t\t\t<div class=\"elementor-widget-wrap elementor-element-populated\">\n\t\t\t\t\t\t<div class=\"elementor-element elementor-element-a81c8e2 elementor-widget__width-inherit elementor-widget elementor-widget-heading\" data-id=\"a81c8e2\" data-element_type=\"widget\" data-widget_type=\"heading.default\">\n\t\t\t\t<div class=\"elementor-widget-container\">\n\t\t\t\t\t<h2 class=\"elementor-heading-title elementor-size-default\">Sabores<\/h2>\t\t\t\t<\/div>\n\t\t\t\t<\/div>\n\t\t\t\t<div class=\"elementor-element elementor-element-bfc4b23 elementor-widget-mobile__width-initial elementor-icon-list--layout-traditional elementor-list-item-link-full_width elementor-widget elementor-widget-icon-list\" data-id=\"bfc4b23\" data-element_type=\"widget\" data-widget_type=\"icon-list.default\">\n\t\t\t\t<div class=\"elementor-widget-container\">\n\t\t\t\t\t\t\t<ul class=\"elementor-icon-list-items\">\n\t\t\t\t\t\t\t<li class=\"elementor-icon-list-item\">\n\t\t\t\t\t\t\t\t\t\t\t<span class=\"elementor-icon-list-icon\">\n\t\t\t\t\t\t\t<i aria-hidden=\"true\" class=\"fas fa-check\"><\/i>\t\t\t\t\t\t<\/span>\n\t\t\t\t\t\t\t\t\t\t<span class=\"elementor-icon-list-text\">Chocolate ao Leite<\/span>\n\t\t\t\t\t\t\t\t\t<\/li>\n\t\t\t\t\t\t\t\t<li class=\"elementor-icon-list-item\">\n\t\t\t\t\t\t\t\t\t\t\t<span class=\"elementor-icon-list-icon\">\n\t\t\t\t\t\t\t<i aria-hidden=\"true\" class=\"fas fa-check\"><\/i>\t\t\t\t\t\t<\/span>\n\t\t\t\t\t\t\t\t\t\t<span class=\"elementor-icon-list-text\">Chocolate Meio Amargo<\/span>\n\t\t\t\t\t\t\t\t\t<\/li>\n\t\t\t\t\t\t\t\t<li class=\"elementor-icon-list-item\">\n\t\t\t\t\t\t\t\t\t\t\t<span class=\"elementor-icon-list-icon\">\n\t\t\t\t\t\t\t<i aria-hidden=\"true\" class=\"fas fa-check\"><\/i>\t\t\t\t\t\t<\/span>\n\t\t\t\t\t\t\t\t\t\t<span class=\"elementor-icon-list-text\">Trufas<\/span>\n\t\t\t\t\t\t\t\t\t<\/li>\n\t\t\t\t\t\t\t\t<li class=\"elementor-icon-list-item\">\n\t\t\t\t\t\t\t\t\t\t\t<span class=\"elementor-icon-list-icon\">\n\t\t\t\t\t\t\t<i aria-hidden=\"true\" class=\"fas fa-check\"><\/i>\t\t\t\t\t\t<\/span>\n\t\t\t\t\t\t\t\t\t\t<span class=\"elementor-icon-list-text\">Lim\u00e3o Siciliano<\/span>\n\t\t\t\t\t\t\t\t\t<\/li>\n\t\t\t\t\t\t\t\t<li class=\"elementor-icon-list-item\">\n\t\t\t\t\t\t\t\t\t\t\t<span class=\"elementor-icon-list-icon\">\n\t\t\t\t\t\t\t<i aria-hidden=\"true\" class=\"fas fa-check\"><\/i>\t\t\t\t\t\t<\/span>\n\t\t\t\t\t\t\t\t\t\t<span class=\"elementor-icon-list-text\">Doce de Leite<\/span>\n\t\t\t\t\t\t\t\t\t<\/li>\n\t\t\t\t\t\t\t\t<li class=\"elementor-icon-list-item\">\n\t\t\t\t\t\t\t\t\t\t\t<span class=\"elementor-icon-list-icon\">\n\t\t\t\t\t\t\t<i aria-hidden=\"true\" class=\"fas fa-check\"><\/i>\t\t\t\t\t\t<\/span>\n\t\t\t\t\t\t\t\t\t\t<span class=\"elementor-icon-list-text\">Goiaba<\/span>\n\t\t\t\t\t\t\t\t\t<\/li>\n\t\t\t\t\t\t<\/ul>\n\t\t\t\t\t\t<\/div>\n\t\t\t\t<\/div>\n\t\t\t\t\t<\/div>\n\t\t<\/div>\n\t\t\t\t\t<\/div>\n\t\t<\/section>\n\t\t\t\t\t<\/div>\n\t\t<\/div>\n\t\t\t\t<div class=\"elementor-column elementor-col-50 elementor-top-column elementor-element elementor-element-ce84e16\" data-id=\"ce84e16\" data-element_type=\"column\" data-settings=\"{&quot;background_background&quot;:&quot;classic&quot;}\">\n\t\t\t<div class=\"elementor-widget-wrap elementor-element-populated\">\n\t\t\t\t\t\t<div class=\"elementor-element elementor-element-6f61e75 elementor-widget__width-initial elementor-arrows-position-inside elementor-pagination-position-outside elementor-widget elementor-widget-image-carousel\" data-id=\"6f61e75\" data-element_type=\"widget\" data-settings=\"{&quot;slides_to_show&quot;:&quot;1&quot;,&quot;navigation&quot;:&quot;both&quot;,&quot;autoplay&quot;:&quot;yes&quot;,&quot;pause_on_hover&quot;:&quot;yes&quot;,&quot;pause_on_interaction&quot;:&quot;yes&quot;,&quot;autoplay_speed&quot;:5000,&quot;infinite&quot;:&quot;yes&quot;,&quot;effect&quot;:&quot;slide&quot;,&quot;speed&quot;:500}\" data-widget_type=\"image-carousel.default\">\n\t\t\t\t<div class=\"elementor-widget-container\">\n\t\t\t\t\t\t\t<div class=\"elementor-image-carousel-wrapper swiper\" role=\"region\" aria-roledescription=\"carousel\" aria-label=\"Carrossel de imagens\" dir=\"ltr\">\n\t\t\t<div class=\"elementor-image-carousel swiper-wrapper\" aria-live=\"off\">\n\t\t\t\t\t\t\t\t<div class=\"swiper-slide\" role=\"group\" aria-roledescription=\"slide\" aria-label=\"1 de 2\"><figure class=\"swiper-slide-inner\"><img decoding=\"async\" class=\"swiper-slide-image\" src=\"https:\/\/fantalimentos.com.br\/wp-content\/uploads\/2023\/09\/WhatsApp-Image-2023-09-29-at-16.15.03-2.jpeg\" alt=\"WhatsApp-Image-2023-09-29-at-16.15.03-2\" \/><\/figure><\/div><div class=\"swiper-slide\" role=\"group\" aria-roledescription=\"slide\" aria-label=\"2 de 2\"><figure class=\"swiper-slide-inner\"><img decoding=\"async\" class=\"swiper-slide-image\" src=\"https:\/\/fantalimentos.com.br\/wp-content\/uploads\/2024\/09\/Imagem-do-WhatsApp-de-2024-09-30-as-15.33.13_8ded5a4d.jpg\" alt=\"Imagem do WhatsApp de 2024-09-30 \u00e0(s) 15.33.13_8ded5a4d\" \/><\/figure><\/div>\t\t\t<\/div>\n\t\t\t\t\t\t\t\t\t\t\t\t<div class=\"elementor-swiper-button elementor-swiper-button-prev\" role=\"button\" tabindex=\"0\">\n\t\t\t\t\t\t<i aria-hidden=\"true\" class=\"eicon-chevron-left\"><\/i>\t\t\t\t\t<\/div>\n\t\t\t\t\t<div class=\"elementor-swiper-button elementor-swiper-button-next\" role=\"button\" tabindex=\"0\">\n\t\t\t\t\t\t<i aria-hidden=\"true\" class=\"eicon-chevron-right\"><\/i>\t\t\t\t\t<\/div>\n\t\t\t\t\n\t\t\t\t\t\t\t\t\t<div class=\"swiper-pagination\"><\/div>\n\t\t\t\t\t\t\t\t\t<\/div>\n\t\t\t\t\t\t<\/div>\n\t\t\t\t<\/div>\n\t\t\t\t\t<\/div>\n\t\t<\/div>\n\t\t\t\t\t<\/div>\n\t\t<\/section>\n\t\t\t\t<section class=\"elementor-section elementor-top-section elementor-element elementor-element-654bf87 elementor-section-height-min-height elementor-section-boxed elementor-section-height-default elementor-section-items-middle\" data-id=\"654bf87\" data-element_type=\"section\" data-settings=\"{&quot;background_background&quot;:&quot;classic&quot;}\">\n\t\t\t\t\t\t<div class=\"elementor-container elementor-column-gap-default\">\n\t\t\t\t\t<div class=\"elementor-column elementor-col-50 elementor-top-column elementor-element elementor-element-15107bb\" data-id=\"15107bb\" data-element_type=\"column\" data-settings=\"{&quot;background_background&quot;:&quot;classic&quot;}\">\n\t\t\t<div class=\"elementor-widget-wrap elementor-element-populated\">\n\t\t\t\t\t\t<div class=\"elementor-element elementor-element-805b259 elementor-widget__width-initial elementor-widget elementor-widget-image\" data-id=\"805b259\" data-element_type=\"widget\" data-widget_type=\"image.default\">\n\t\t\t\t<div class=\"elementor-widget-container\">\n\t\t\t\t\t\t\t\t\t\t\t\t\t\t\t<img fetchpriority=\"high\" decoding=\"async\" width=\"1633\" height=\"600\" src=\"https:\/\/fantalimentos.com.br\/wp-content\/uploads\/2023\/09\/Design-sem-nome.png\" class=\"attachment-full size-full wp-image-217\" alt=\"\" srcset=\"https:\/\/fantalimentos.com.br\/wp-content\/uploads\/2023\/09\/Design-sem-nome.png 1633w, https:\/\/fantalimentos.com.br\/wp-content\/uploads\/2023\/09\/Design-sem-nome-300x110.png 300w, https:\/\/fantalimentos.com.br\/wp-content\/uploads\/2023\/09\/Design-sem-nome-1024x376.png 1024w, https:\/\/fantalimentos.com.br\/wp-content\/uploads\/2023\/09\/Design-sem-nome-768x282.png 768w, https:\/\/fantalimentos.com.br\/wp-content\/uploads\/2023\/09\/Design-sem-nome-1536x564.png 1536w, https:\/\/fantalimentos.com.br\/wp-content\/uploads\/2023\/09\/Design-sem-nome-200x73.png 200w, https:\/\/fantalimentos.com.br\/wp-content\/uploads\/2023\/09\/Design-sem-nome-400x147.png 400w, https:\/\/fantalimentos.com.br\/wp-content\/uploads\/2023\/09\/Design-sem-nome-600x220.png 600w, https:\/\/fantalimentos.com.br\/wp-content\/uploads\/2023\/09\/Design-sem-nome-800x294.png 800w, https:\/\/fantalimentos.com.br\/wp-content\/uploads\/2023\/09\/Design-sem-nome-1200x441.png 1200w\" sizes=\"(max-width: 1633px) 100vw, 1633px\" \/>\t\t\t\t\t\t\t\t\t\t\t\t\t\t\t<\/div>\n\t\t\t\t<\/div>\n\t\t\t\t\t<\/div>\n\t\t<\/div>\n\t\t\t\t<div class=\"elementor-column elementor-col-50 elementor-top-column elementor-element elementor-element-6f121c3\" data-id=\"6f121c3\" data-element_type=\"column\">\n\t\t\t<div class=\"elementor-widget-wrap elementor-element-populated\">\n\t\t\t\t\t\t<section class=\"elementor-section elementor-inner-section elementor-element elementor-element-4f3fd68 elementor-section-height-min-height elementor-section-content-middle elementor-section-full_width elementor-section-height-default\" data-id=\"4f3fd68\" data-element_type=\"section\">\n\t\t\t\t\t\t<div class=\"elementor-container elementor-column-gap-default\">\n\t\t\t\t\t<div class=\"elementor-column elementor-col-100 elementor-inner-column elementor-element elementor-element-1e03487\" data-id=\"1e03487\" data-element_type=\"column\">\n\t\t\t<div class=\"elementor-widget-wrap elementor-element-populated\">\n\t\t\t\t\t\t<div class=\"elementor-element elementor-element-94f6618 elementor-widget__width-inherit elementor-widget elementor-widget-heading\" data-id=\"94f6618\" data-element_type=\"widget\" data-widget_type=\"heading.default\">\n\t\t\t\t<div class=\"elementor-widget-container\">\n\t\t\t\t\t<h2 class=\"elementor-heading-title elementor-size-default\">Vers\u00f5es<\/h2>\t\t\t\t<\/div>\n\t\t\t\t<\/div>\n\t\t\t\t<div class=\"elementor-element elementor-element-5e72cfa elementor-widget elementor-widget-text-editor\" data-id=\"5e72cfa\" data-element_type=\"widget\" data-widget_type=\"text-editor.default\">\n\t\t\t\t<div class=\"elementor-widget-container\">\n\t\t\t\t\t\t\t\t\t<p>MICROONDAS: Caixa com 6 bandejas contendo 36 unidades<br \/>FORNO: Caixa contendo 40 unidades<\/p>\t\t\t\t\t\t\t\t<\/div>\n\t\t\t\t<\/div>\n\t\t\t\t\t<\/div>\n\t\t<\/div>\n\t\t\t\t\t<\/div>\n\t\t<\/section>\n\t\t\t\t\t<\/div>\n\t\t<\/div>\n\t\t\t\t\t<\/div>\n\t\t<\/section>\n\t\t\t\t<section class=\"elementor-section elementor-top-section elementor-element elementor-element-2703b55 elementor-section-full_width elementor-section-height-min-height elementor-section-height-default elementor-section-items-middle\" data-id=\"2703b55\" data-element_type=\"section\">\n\t\t\t\t\t\t<div class=\"elementor-container elementor-column-gap-default\">\n\t\t\t\t\t<div class=\"elementor-column elementor-col-50 elementor-top-column elementor-element elementor-element-c2c6a7f\" data-id=\"c2c6a7f\" data-element_type=\"column\" data-settings=\"{&quot;background_background&quot;:&quot;classic&quot;}\">\n\t\t\t<div class=\"elementor-widget-wrap elementor-element-populated\">\n\t\t\t\t\t\t<section class=\"elementor-section elementor-inner-section elementor-element elementor-element-3e348db elementor-section-height-min-height elementor-section-content-middle elementor-section-boxed elementor-section-height-default\" data-id=\"3e348db\" data-element_type=\"section\">\n\t\t\t\t\t\t<div class=\"elementor-container elementor-column-gap-default\">\n\t\t\t\t\t<div class=\"elementor-column elementor-col-100 elementor-inner-column elementor-element elementor-element-0b52dfe\" data-id=\"0b52dfe\" data-element_type=\"column\">\n\t\t\t<div class=\"elementor-widget-wrap elementor-element-populated\">\n\t\t\t\t\t\t<div class=\"elementor-element elementor-element-9ce48f5 elementor-widget elementor-widget-heading\" data-id=\"9ce48f5\" data-element_type=\"widget\" data-widget_type=\"heading.default\">\n\t\t\t\t<div class=\"elementor-widget-container\">\n\t\t\t\t\t<h2 class=\"elementor-heading-title elementor-size-default\">Contato<\/h2>\t\t\t\t<\/div>\n\t\t\t\t<\/div>\n\t\t\t\t<div class=\"elementor-element elementor-element-f16c21a elementor-tablet-align-center elementor-widget__width-initial elementor-icon-list--layout-traditional elementor-list-item-link-full_width elementor-widget elementor-widget-global elementor-global-818 elementor-widget-icon-list\" data-id=\"f16c21a\" data-element_type=\"widget\" data-widget_type=\"icon-list.default\">\n\t\t\t\t<div class=\"elementor-widget-container\">\n\t\t\t\t\t\t\t<ul class=\"elementor-icon-list-items\">\n\t\t\t\t\t\t\t<li class=\"elementor-icon-list-item\">\n\t\t\t\t\t\t\t\t\t\t\t<a href=\"tel:99962%20-0800\">\n\n\t\t\t\t\t\t\t\t\t\t\t\t<span class=\"elementor-icon-list-icon\">\n\t\t\t\t\t\t\t<i aria-hidden=\"true\" class=\"fas fa-phone-alt\"><\/i>\t\t\t\t\t\t<\/span>\n\t\t\t\t\t\t\t\t\t\t<span class=\"elementor-icon-list-text\">(65) 99962 - 0800<\/span>\n\t\t\t\t\t\t\t\t\t\t\t<\/a>\n\t\t\t\t\t\t\t\t\t<\/li>\n\t\t\t\t\t\t\t\t<li class=\"elementor-icon-list-item\">\n\t\t\t\t\t\t\t\t\t\t\t<span class=\"elementor-icon-list-icon\">\n\t\t\t\t\t\t\t<i aria-hidden=\"true\" class=\"far fa-envelope\"><\/i>\t\t\t\t\t\t<\/span>\n\t\t\t\t\t\t\t\t\t\t<span class=\"elementor-icon-list-text\">contato@fant.com.br<\/span>\n\t\t\t\t\t\t\t\t\t<\/li>\n\t\t\t\t\t\t\t\t<li class=\"elementor-icon-list-item\">\n\t\t\t\t\t\t\t\t\t\t\t<span class=\"elementor-icon-list-icon\">\n\t\t\t\t\t\t\t<i aria-hidden=\"true\" class=\"far fa-map\"><\/i>\t\t\t\t\t\t<\/span>\n\t\t\t\t\t\t\t\t\t\t<span class=\"elementor-icon-list-text\">Av. Joaquim Louzada Q.09 L.15, Tropical Ville, novo colorado Cuiaba MT\u00a0cep.\u00a078.042-800<\/span>\n\t\t\t\t\t\t\t\t\t<\/li>\n\t\t\t\t\t\t<\/ul>\n\t\t\t\t\t\t<\/div>\n\t\t\t\t<\/div>\n\t\t\t\t\t<\/div>\n\t\t<\/div>\n\t\t\t\t\t<\/div>\n\t\t<\/section>\n\t\t\t\t\t<\/div>\n\t\t<\/div>\n\t\t\t\t<div class=\"elementor-column elementor-col-50 elementor-top-column elementor-element elementor-element-4d35b05\" data-id=\"4d35b05\" data-element_type=\"column\" data-settings=\"{&quot;background_background&quot;:&quot;classic&quot;}\">\n\t\t\t<div class=\"elementor-widget-wrap elementor-element-populated\">\n\t\t\t\t\t\t<div class=\"elementor-element elementor-element-b746a60 elementor-widget__width-initial elementor-widget elementor-widget-spacer\" data-id=\"b746a60\" data-element_type=\"widget\" data-widget_type=\"spacer.default\">\n\t\t\t\t<div class=\"elementor-widget-container\">\n\t\t\t\t\t\t\t<div class=\"elementor-spacer\">\n\t\t\t<div class=\"elementor-spacer-inner\"><\/div>\n\t\t<\/div>\n\t\t\t\t\t\t<\/div>\n\t\t\t\t<\/div>\n\t\t\t\t\t<\/div>\n\t\t<\/div>\n\t\t\t\t\t<\/div>\n\t\t<\/section>\n\t\t\t\t<\/div>\n\t\t","protected":false},"excerpt":{"rendered":"<p>Sabores Chocolate ao Leite Chocolate Meio Amargo Trufas Lim\u00e3o Siciliano Doce de Leite Goiaba Vers\u00f5es MICROONDAS: Caixa com 6 bandejas contendo 36 unidadesFORNO: Caixa contendo 40 unidades Contato (65) 9962 &#8211; 0800 contato@fant.com.br Av. Joaquim Louzada Q.09 L.15, Tropical Ville, novo colorado Cuiaba MT\u00a0cep.\u00a078.042-800<\/p>\n","protected":false},"author":1,"featured_media":0,"parent":0,"menu_order":0,"comment_status":"closed","ping_status":"closed","template":"","meta":{"footnotes":""},"class_list":["post-587","page","type-page","status-publish","hentry"],"yoast_head":"<!-- This site is optimized with the Yoast SEO plugin v26.3 - https:\/\/yoast.com\/wordpress\/plugins\/seo\/ -->\n<title>Petit G\u00e2teau - Fant Alimentos<\/title>\n<meta name=\"robots\" content=\"index, follow, max-snippet:-1, max-image-preview:large, max-video-preview:-1\" \/>\n<link rel=\"canonical\" href=\"https:\/\/fantalimentos.com.br\/home\/petit-gateau-mp\/\" \/>\n<meta property=\"og:locale\" content=\"pt_BR\" \/>\n<meta property=\"og:type\" content=\"article\" \/>\n<meta property=\"og:title\" content=\"Petit G\u00e2teau - Fant Alimentos\" \/>\n<meta property=\"og:description\" content=\"Sabores Chocolate ao Leite Chocolate Meio Amargo Trufas Lim\u00e3o Siciliano Doce de Leite Goiaba Vers\u00f5es MICROONDAS: Caixa com 6 bandejas contendo 36 unidadesFORNO: Caixa contendo 40 unidades Contato (65) 9962 &#8211; 0800 contato@fant.com.br Av. Joaquim Louzada Q.09 L.15, Tropical Ville, novo colorado Cuiaba MT\u00a0cep.\u00a078.042-800\" \/>\n<meta property=\"og:url\" content=\"https:\/\/fantalimentos.com.br\/home\/petit-gateau-mp\/\" \/>\n<meta property=\"og:site_name\" content=\"Fant Alimentos\" \/>\n<meta property=\"article:modified_time\" content=\"2024-11-26T21:46:39+00:00\" \/>\n<meta property=\"og:image\" content=\"https:\/\/fantalimentos.com.br\/wp-content\/uploads\/2023\/09\/WhatsApp-Image-2023-09-29-at-16.15.03-2.jpeg\" \/>\n<meta name=\"twitter:card\" content=\"summary_large_image\" \/>\n<meta name=\"twitter:label1\" content=\"Est. tempo de leitura\" \/>\n\t<meta name=\"twitter:data1\" content=\"2 minutos\" \/>\n<script type=\"application\/ld+json\" class=\"yoast-schema-graph\">{\"@context\":\"https:\/\/schema.org\",\"@graph\":[{\"@type\":\"WebPage\",\"@id\":\"https:\/\/fantalimentos.com.br\/home\/petit-gateau-mp\/\",\"url\":\"https:\/\/fantalimentos.com.br\/home\/petit-gateau-mp\/\",\"name\":\"Petit G\u00e2teau - Fant Alimentos\",\"isPartOf\":{\"@id\":\"https:\/\/fantalimentos.com.br\/home\/#website\"},\"primaryImageOfPage\":{\"@id\":\"https:\/\/fantalimentos.com.br\/home\/petit-gateau-mp\/#primaryimage\"},\"image\":{\"@id\":\"https:\/\/fantalimentos.com.br\/home\/petit-gateau-mp\/#primaryimage\"},\"thumbnailUrl\":\"https:\/\/fantalimentos.com.br\/wp-content\/uploads\/2023\/09\/WhatsApp-Image-2023-09-29-at-16.15.03-2.jpeg\",\"datePublished\":\"2024-10-01T16:16:59+00:00\",\"dateModified\":\"2024-11-26T21:46:39+00:00\",\"breadcrumb\":{\"@id\":\"https:\/\/fantalimentos.com.br\/home\/petit-gateau-mp\/#breadcrumb\"},\"inLanguage\":\"pt-BR\",\"potentialAction\":[{\"@type\":\"ReadAction\",\"target\":[\"https:\/\/fantalimentos.com.br\/home\/petit-gateau-mp\/\"]}]},{\"@type\":\"ImageObject\",\"inLanguage\":\"pt-BR\",\"@id\":\"https:\/\/fantalimentos.com.br\/home\/petit-gateau-mp\/#primaryimage\",\"url\":\"https:\/\/fantalimentos.com.br\/wp-content\/uploads\/2023\/09\/WhatsApp-Image-2023-09-29-at-16.15.03-2.jpeg\",\"contentUrl\":\"https:\/\/fantalimentos.com.br\/wp-content\/uploads\/2023\/09\/WhatsApp-Image-2023-09-29-at-16.15.03-2.jpeg\"},{\"@type\":\"BreadcrumbList\",\"@id\":\"https:\/\/fantalimentos.com.br\/home\/petit-gateau-mp\/#breadcrumb\",\"itemListElement\":[{\"@type\":\"ListItem\",\"position\":1,\"name\":\"In\u00edcio\",\"item\":\"https:\/\/fantalimentos.com.br\/home\/\"},{\"@type\":\"ListItem\",\"position\":2,\"name\":\"Petit G\u00e2teau\"}]},{\"@type\":\"WebSite\",\"@id\":\"https:\/\/fantalimentos.com.br\/home\/#website\",\"url\":\"https:\/\/fantalimentos.com.br\/home\/\",\"name\":\"Fant Alimentos\",\"description\":\"\",\"publisher\":{\"@id\":\"https:\/\/fantalimentos.com.br\/home\/#organization\"},\"potentialAction\":[{\"@type\":\"SearchAction\",\"target\":{\"@type\":\"EntryPoint\",\"urlTemplate\":\"https:\/\/fantalimentos.com.br\/home\/?s={search_term_string}\"},\"query-input\":{\"@type\":\"PropertyValueSpecification\",\"valueRequired\":true,\"valueName\":\"search_term_string\"}}],\"inLanguage\":\"pt-BR\"},{\"@type\":\"Organization\",\"@id\":\"https:\/\/fantalimentos.com.br\/home\/#organization\",\"name\":\"Fant Alimentos\",\"url\":\"https:\/\/fantalimentos.com.br\/home\/\",\"logo\":{\"@type\":\"ImageObject\",\"inLanguage\":\"pt-BR\",\"@id\":\"https:\/\/fantalimentos.com.br\/home\/#\/schema\/logo\/image\/\",\"url\":\"https:\/\/fantalimentos.com.br\/wp-content\/uploads\/2018\/03\/logo_rodape_250x108.png\",\"contentUrl\":\"https:\/\/fantalimentos.com.br\/wp-content\/uploads\/2018\/03\/logo_rodape_250x108.png\",\"width\":250,\"height\":108,\"caption\":\"Fant Alimentos\"},\"image\":{\"@id\":\"https:\/\/fantalimentos.com.br\/home\/#\/schema\/logo\/image\/\"}}]}<\/script>\n<!-- \/ Yoast SEO plugin. -->","yoast_head_json":{"title":"Petit G\u00e2teau - Fant Alimentos","robots":{"index":"index","follow":"follow","max-snippet":"max-snippet:-1","max-image-preview":"max-image-preview:large","max-video-preview":"max-video-preview:-1"},"canonical":"https:\/\/fantalimentos.com.br\/home\/petit-gateau-mp\/","og_locale":"pt_BR","og_type":"article","og_title":"Petit G\u00e2teau - Fant Alimentos","og_description":"Sabores Chocolate ao Leite Chocolate Meio Amargo Trufas Lim\u00e3o Siciliano Doce de Leite Goiaba Vers\u00f5es MICROONDAS: Caixa com 6 bandejas contendo 36 unidadesFORNO: Caixa contendo 40 unidades Contato (65) 9962 &#8211; 0800 contato@fant.com.br Av. Joaquim Louzada Q.09 L.15, Tropical Ville, novo colorado Cuiaba MT\u00a0cep.\u00a078.042-800","og_url":"https:\/\/fantalimentos.com.br\/home\/petit-gateau-mp\/","og_site_name":"Fant Alimentos","article_modified_time":"2024-11-26T21:46:39+00:00","og_image":[{"url":"https:\/\/fantalimentos.com.br\/wp-content\/uploads\/2023\/09\/WhatsApp-Image-2023-09-29-at-16.15.03-2.jpeg","type":"","width":"","height":""}],"twitter_card":"summary_large_image","twitter_misc":{"Est. tempo de leitura":"2 minutos"},"schema":{"@context":"https:\/\/schema.org","@graph":[{"@type":"WebPage","@id":"https:\/\/fantalimentos.com.br\/home\/petit-gateau-mp\/","url":"https:\/\/fantalimentos.com.br\/home\/petit-gateau-mp\/","name":"Petit G\u00e2teau - Fant Alimentos","isPartOf":{"@id":"https:\/\/fantalimentos.com.br\/home\/#website"},"primaryImageOfPage":{"@id":"https:\/\/fantalimentos.com.br\/home\/petit-gateau-mp\/#primaryimage"},"image":{"@id":"https:\/\/fantalimentos.com.br\/home\/petit-gateau-mp\/#primaryimage"},"thumbnailUrl":"https:\/\/fantalimentos.com.br\/wp-content\/uploads\/2023\/09\/WhatsApp-Image-2023-09-29-at-16.15.03-2.jpeg","datePublished":"2024-10-01T16:16:59+00:00","dateModified":"2024-11-26T21:46:39+00:00","breadcrumb":{"@id":"https:\/\/fantalimentos.com.br\/home\/petit-gateau-mp\/#breadcrumb"},"inLanguage":"pt-BR","potentialAction":[{"@type":"ReadAction","target":["https:\/\/fantalimentos.com.br\/home\/petit-gateau-mp\/"]}]},{"@type":"ImageObject","inLanguage":"pt-BR","@id":"https:\/\/fantalimentos.com.br\/home\/petit-gateau-mp\/#primaryimage","url":"https:\/\/fantalimentos.com.br\/wp-content\/uploads\/2023\/09\/WhatsApp-Image-2023-09-29-at-16.15.03-2.jpeg","contentUrl":"https:\/\/fantalimentos.com.br\/wp-content\/uploads\/2023\/09\/WhatsApp-Image-2023-09-29-at-16.15.03-2.jpeg"},{"@type":"BreadcrumbList","@id":"https:\/\/fantalimentos.com.br\/home\/petit-gateau-mp\/#breadcrumb","itemListElement":[{"@type":"ListItem","position":1,"name":"In\u00edcio","item":"https:\/\/fantalimentos.com.br\/home\/"},{"@type":"ListItem","position":2,"name":"Petit G\u00e2teau"}]},{"@type":"WebSite","@id":"https:\/\/fantalimentos.com.br\/home\/#website","url":"https:\/\/fantalimentos.com.br\/home\/","name":"Fant Alimentos","description":"","publisher":{"@id":"https:\/\/fantalimentos.com.br\/home\/#organization"},"potentialAction":[{"@type":"SearchAction","target":{"@type":"EntryPoint","urlTemplate":"https:\/\/fantalimentos.com.br\/home\/?s={search_term_string}"},"query-input":{"@type":"PropertyValueSpecification","valueRequired":true,"valueName":"search_term_string"}}],"inLanguage":"pt-BR"},{"@type":"Organization","@id":"https:\/\/fantalimentos.com.br\/home\/#organization","name":"Fant Alimentos","url":"https:\/\/fantalimentos.com.br\/home\/","logo":{"@type":"ImageObject","inLanguage":"pt-BR","@id":"https:\/\/fantalimentos.com.br\/home\/#\/schema\/logo\/image\/","url":"https:\/\/fantalimentos.com.br\/wp-content\/uploads\/2018\/03\/logo_rodape_250x108.png","contentUrl":"https:\/\/fantalimentos.com.br\/wp-content\/uploads\/2018\/03\/logo_rodape_250x108.png","width":250,"height":108,"caption":"Fant Alimentos"},"image":{"@id":"https:\/\/fantalimentos.com.br\/home\/#\/schema\/logo\/image\/"}}]}},"_links":{"self":[{"href":"https:\/\/fantalimentos.com.br\/home\/wp-json\/wp\/v2\/pages\/587","targetHints":{"allow":["GET"]}}],"collection":[{"href":"https:\/\/fantalimentos.com.br\/home\/wp-json\/wp\/v2\/pages"}],"about":[{"href":"https:\/\/fantalimentos.com.br\/home\/wp-json\/wp\/v2\/types\/page"}],"author":[{"embeddable":true,"href":"https:\/\/fantalimentos.com.br\/home\/wp-json\/wp\/v2\/users\/1"}],"replies":[{"embeddable":true,"href":"https:\/\/fantalimentos.com.br\/home\/wp-json\/wp\/v2\/comments?post=587"}],"version-history":[{"count":13,"href":"https:\/\/fantalimentos.com.br\/home\/wp-json\/wp\/v2\/pages\/587\/revisions"}],"predecessor-version":[{"id":830,"href":"https:\/\/fantalimentos.com.br\/home\/wp-json\/wp\/v2\/pages\/587\/revisions\/830"}],"wp:attachment":[{"href":"https:\/\/fantalimentos.com.br\/home\/wp-json\/wp\/v2\/media?parent=587"}],"curies":[{"name":"wp","href":"https:\/\/api.w.org\/{rel}","templated":true}]}}